{"id":20849,"date":"2025-10-24T07:19:50","date_gmt":"2025-10-24T04:19:50","guid":{"rendered":"https:\/\/pallasdesign.ee\/?post_type=product&#038;p=20849"},"modified":"2026-04-28T15:17:46","modified_gmt":"2026-04-28T12:17:46","slug":"tummanharmaa-kashmirvillahuopa-140x200cm","status":"publish","type":"product","link":"https:\/\/pallasdesign.ee\/fi\/tummanharmaa-kashmirvillahuopa-140x200cm\/","title":{"rendered":"Tummanharmaa kashmirvillahuopa 140x200cm \u2013 10% kashmir"},"content":{"rendered":"<h2>Pallas Design Tummanharmaa kashmirvillahuopa<\/h2>\n<p>Tummanharmaa kashmirvillahuopa, kooltaan 140&#215;200 cm, on ylellisen pehme\u00e4 ja poikkeuksellisen l\u00e4mmin. Kashmirvilla on arvostettu sen hienouden ja keveyden ansiosta, ja se sopii erinomaisesti lahjaksi korostaen laatua ja ajatonta tyyli\u00e4. Kashmirvillasta valmistettu huopa tuo jokaiseen sisustukseen ylellisen ja klassisen ilmeen.<br \/>\nPallas Designin kashmirvillahuopa on varma valinta \u2013 materiaali on tiivis eik\u00e4 l\u00e4pikuultava, ja kankaan paino sek\u00e4 koostumus ovat tarkasti tiedossa!  <\/p>\n<p><a href=\"https:\/\/pallasdesign.ee\/fi\/huovat\/\"><b>Kaikki huopamme l\u00f6yd\u00e4t t\u00e4\u00e4lt\u00e4<\/b><\/a><\/p>\n<h3>Tuotetiedot<\/h3>\n<ul>\n<li>Tavaramerkki: Pallas Design<\/li>\n<li>Mallisto: Kashmirhuovat<\/li>\n<li>Materjal: 10% ka\u0161miirvill, 90% Austraalia meriinovill<\/li>\n<li>Mitat hapsuineen: 140&#215;200 cm<\/li>\n<li>Kankaan paino: 300g\/m2<\/li>\n<li>Hoito: K\u00e4sipesu tai kemiallinen pesu<\/li>\n<li>Valkaisu: Kielletty<\/li>\n<li>Silitys: Kielletty<\/li>\n<li>Kuivaus: Tasokuivaus<\/li>\n<li>Toimitustapa: Toimitus l\u00e4himp\u00e4\u00e4n pakettiautomaattiin<\/li>\n<\/ul>\n","protected":false},"excerpt":{"rendered":"<p>Kashmirvillahuopa 140x200cm \u2013 sopiva valinta lahjaksi erilaisiin tilaisuuksiin. Nimell\u00e4 tai logolla personoitu huopa sopii erinomaisesti my\u00f6s liikelahjaksi. Huopa sis\u00e4lt\u00e4\u00e4 10% kashmirvillaa ja 90% australialaista merinovillaa.<br \/>\nHuom! Huovan s\u00e4vy on huomattavasti vaaleampi kuin tuotekuvassa esitetty. <\/p>\n","protected":false},"featured_media":20852,"template":"","meta":[],"product_brand":[],"product_cat":[1484,812,942,803,806,808,745,747,811,962,941,1483,925,746],"product_tag":[],"class_list":{"0":"post-20849","1":"product","2":"type-product","3":"status-publish","4":"has-post-thumbnail","6":"product_cat-kashmirhuovat","7":"product_cat-brodeeratut-lahjat","8":"product_cat-huovat","9":"product_cat-joululahjat","10":"product_cat-lahjaideoita","11":"product_cat-lahjat","12":"product_cat-liikelahjat","13":"product_cat-mainoslahjat","14":"product_cat-nimikoidut-lahjat","15":"product_cat-pallas-design-fi","16":"product_cat-personoidut-lahjat","17":"product_cat-villahuopa","18":"product_cat-vuosipaivalahja","19":"product_cat-yrityslahjat","20":"no-featured-image-padding","21":"sales-flash-overlay","22":"woocommerce-text-align-center","23":"woocommerce-image-align-center","24":"do-quantity-buttons","26":"first","27":"outofstock","28":"taxable","29":"shipping-taxable","30":"purchasable","31":"product-type-simple"},"_links":{"self":[{"href":"https:\/\/pallasdesign.ee\/fi\/wp-json\/wp\/v2\/product\/20849","targetHints":{"allow":["GET"]}}],"collection":[{"href":"https:\/\/pallasdesign.ee\/fi\/wp-json\/wp\/v2\/product"}],"about":[{"href":"https:\/\/pallasdesign.ee\/fi\/wp-json\/wp\/v2\/types\/product"}],"wp:featuredmedia":[{"embeddable":true,"href":"https:\/\/pallasdesign.ee\/fi\/wp-json\/wp\/v2\/media\/20852"}],"wp:attachment":[{"href":"https:\/\/pallasdesign.ee\/fi\/wp-json\/wp\/v2\/media?parent=20849"}],"wp:term":[{"taxonomy":"product_brand","embeddable":true,"href":"https:\/\/pallasdesign.ee\/fi\/wp-json\/wp\/v2\/product_brand?post=20849"},{"taxonomy":"product_cat","embeddable":true,"href":"https:\/\/pallasdesign.ee\/fi\/wp-json\/wp\/v2\/product_cat?post=20849"},{"taxonomy":"product_tag","embeddable":true,"href":"https:\/\/pallasdesign.ee\/fi\/wp-json\/wp\/v2\/product_tag?post=20849"}],"curies":[{"name":"wp","href":"https:\/\/api.w.org\/{rel}","templated":true}]}}