{"id":20987,"date":"2025-09-19T11:00:48","date_gmt":"2025-09-19T08:00:48","guid":{"rendered":"https:\/\/pallasdesign.ee\/kasitoopood\/maaratlemata\/uutuus-iso-nalle-vaaleanruskea\/"},"modified":"2026-03-28T15:19:40","modified_gmt":"2026-03-28T13:19:40","slug":"iso-pehmolelu-vaaleanruskea","status":"publish","type":"product","link":"https:\/\/pallasdesign.ee\/fi\/iso-pehmolelu\/","title":{"rendered":"Iso nalle \u2013 vaaleanruskea"},"content":{"rendered":"<h2>Iso pehmolelu<\/h2>\n<p>Suurempi nalle, jonka tassunpohjat ovat riitt\u00e4v\u00e4n suuret, jotta niihin voidaan halutessa lis\u00e4t\u00e4 syntym\u00e4tiedot.<\/p>\n<p><a href=\"https:\/\/pallasdesign.ee\/fi\/pehmokarhut\/\"><b>Kaikki nallemme l\u00f6yd\u00e4t t\u00e4\u00e4lt\u00e4<\/b><\/a><\/p>\n<p>&nbsp;<\/p>\n<h2>Tuotetiedot<\/h2>\n<ul>\n<li>Tavaramerkki: KR\u00c4SS<\/li>\n<li>Kirjonta on mahdollista lis\u00e4t\u00e4 pehmolelun tassunpohjiin<\/li>\n<li>Pituus istuma-asennossa 42 cm (kokonaispituus 52 cm)<\/li>\n<li>Toimitustapa: Toimitus l\u00e4himp\u00e4\u00e4n pakettiautomaattiin<\/li>\n<\/ul>\n<p>&nbsp;<\/p>\n","protected":false},"excerpt":{"rendered":"<p>Iso vaaleanruskea nalle lapselle lahjaksi \u2013 personoitavissa henkil\u00f6kohtaisella brodeerauksella.<\/p>\n<p>Huom! T\u00e4h\u00e4n nalleen ei voida tehd\u00e4 kirjontaa suoraan. Kirjomme syntym\u00e4tiedot erilliselle vaalealle kankaalle ja ompelemme applikaation k\u00e4sin nallen vatsaan tai tassunpohjiin.<\/p>\n","protected":false},"featured_media":14781,"template":"","meta":[],"product_brand":[],"product_cat":[772,776,953,809,769,805,775,768,773,760,774,804,771,800,799],"product_tag":[1001],"class_list":{"0":"post-20987","1":"product","2":"type-product","3":"status-publish","4":"has-post-thumbnail","6":"product_cat-elainlelut","7":"product_cat-isot-pehmolelut","8":"product_cat-krass-fi","9":"product_cat-lastentuotteet","10":"product_cat-nalle","11":"product_cat-nimiaislahjat","12":"product_cat-pehmeat-lelut","13":"product_cat-pehmokarhut","14":"product_cat-pehmolelu-nimella","15":"product_cat-pehmolelut","16":"product_cat-pehmot","17":"product_cat-ristiaislahja","18":"product_cat-unilelu","19":"product_cat-vauvalahja","20":"product_cat-vauvatuotteet","21":"product_tag-karhu","22":"no-featured-image-padding","23":"sales-flash-overlay","24":"woocommerce-text-align-center","25":"woocommerce-image-align-center","26":"do-quantity-buttons","28":"first","29":"instock","30":"taxable","31":"shipping-taxable","32":"purchasable","33":"product-type-simple"},"_links":{"self":[{"href":"https:\/\/pallasdesign.ee\/fi\/wp-json\/wp\/v2\/product\/20987","targetHints":{"allow":["GET"]}}],"collection":[{"href":"https:\/\/pallasdesign.ee\/fi\/wp-json\/wp\/v2\/product"}],"about":[{"href":"https:\/\/pallasdesign.ee\/fi\/wp-json\/wp\/v2\/types\/product"}],"wp:featuredmedia":[{"embeddable":true,"href":"https:\/\/pallasdesign.ee\/fi\/wp-json\/wp\/v2\/media\/14781"}],"wp:attachment":[{"href":"https:\/\/pallasdesign.ee\/fi\/wp-json\/wp\/v2\/media?parent=20987"}],"wp:term":[{"taxonomy":"product_brand","embeddable":true,"href":"https:\/\/pallasdesign.ee\/fi\/wp-json\/wp\/v2\/product_brand?post=20987"},{"taxonomy":"product_cat","embeddable":true,"href":"https:\/\/pallasdesign.ee\/fi\/wp-json\/wp\/v2\/product_cat?post=20987"},{"taxonomy":"product_tag","embeddable":true,"href":"https:\/\/pallasdesign.ee\/fi\/wp-json\/wp\/v2\/product_tag?post=20987"}],"curies":[{"name":"wp","href":"https:\/\/api.w.org\/{rel}","templated":true}]}}