{"id":21043,"date":"2023-12-05T10:37:10","date_gmt":"2023-12-05T08:37:10","guid":{"rendered":"https:\/\/pallasdesign.ee\/kasitoopood\/maaratlemata\/pehmolelu-harmaa-janis\/"},"modified":"2026-03-28T15:38:19","modified_gmt":"2026-03-28T13:38:19","slug":"pehmolelu-harmaa-janis","status":"publish","type":"product","link":"https:\/\/pallasdesign.ee\/fi\/harmaa-janis\/","title":{"rendered":"Pehmolelu Harmaa j\u00e4nis"},"content":{"rendered":"<h2>Pehmolelu Harmaa pupu<\/h2>\n<p>Classic-mallisto. Pehmolelu Clovis Bramptonilla on tuuhea h\u00e4nt\u00e4, harmaa vartalo, pehme turkki, suuret roikkuvat korvat, suloiset pulleat posket ja suuret siniset silm\u00e4t.<\/p>\n<p><a href=\"https:\/\/pallasdesign.ee\/fi\/pehmopuput\/\"><b>Kaikkiin pehmopupuihimme voit tutustua t\u00e4\u00e4ll\u00e4<\/b><\/a><\/p>\n<h2>Tuotetiedot<\/h2>\n<ul>\n<li>Virallinen Cubbies-pehmolelun malli<\/li>\n<li>Rakkaudella k\u00e4sity\u00f6n\u00e4 valmistettu<\/li>\n<li>Personoi sit\u00e4 erilaisilla kirjailluilla kuvioilla.<\/li>\n<li>Ainutlaatuinen vetoketjullinen malli \u2013 mahdollistaa sisuksen poistamisen, pehmolelun kirjonnan sek\u00e4 Cubbies-pehmolelun turvallisen pesun.<\/li>\n<li>Konepest\u00e4v\u00e4<\/li>\n<li>Turvallinen kaikenik\u00e4isille<\/li>\n<li>Mitat: Istuma-asennossa 33cm (kokonaispituus 40cm)<\/li>\n<li>Toimitustapa: Toimitus l\u00e4himp\u00e4\u00e4n pakettiautomaattiin<\/li>\n<\/ul>\n","protected":false},"excerpt":{"rendered":"<p>Pehmoel\u00e4in Harmaa j\u00e4nis kirjontaa varten Cubbies Grey Bunny Clovis Brampton &#8211; pehmolelu vauvalle lahjaksi ja personoitavaksi kirjonnalla<\/p>\n<p>Jos sinulla on oma idea, miten haluaisit suunnitella jonkin pehmolelun lahjaksi, ota meihin yhteytt\u00e4 &#8211; Me kirjomme ajatuksesi todeksi!<\/p>\n","protected":false},"featured_media":11513,"template":"","meta":[],"product_brand":[],"product_cat":[761,952,772,809,805,775,773,760,767,774,804,771,800,799],"product_tag":[992],"class_list":{"0":"post-21043","1":"product","2":"type-product","3":"status-publish","4":"has-post-thumbnail","6":"product_cat-pehmoelaimet","7":"product_cat-cubbies-fi","8":"product_cat-elainlelut","9":"product_cat-lastentuotteet","10":"product_cat-nimiaislahjat","11":"product_cat-pehmeat-lelut","12":"product_cat-pehmolelu-nimella","13":"product_cat-pehmolelut","14":"product_cat-pehmopuput","15":"product_cat-pehmot","16":"product_cat-ristiaislahja","17":"product_cat-unilelu","18":"product_cat-vauvalahja","19":"product_cat-vauvatuotteet","20":"product_tag-janis","21":"no-featured-image-padding","22":"sales-flash-overlay","23":"woocommerce-text-align-center","24":"woocommerce-image-align-center","25":"do-quantity-buttons","27":"first","28":"instock","29":"taxable","30":"shipping-taxable","31":"purchasable","32":"product-type-simple"},"_links":{"self":[{"href":"https:\/\/pallasdesign.ee\/fi\/wp-json\/wp\/v2\/product\/21043","targetHints":{"allow":["GET"]}}],"collection":[{"href":"https:\/\/pallasdesign.ee\/fi\/wp-json\/wp\/v2\/product"}],"about":[{"href":"https:\/\/pallasdesign.ee\/fi\/wp-json\/wp\/v2\/types\/product"}],"wp:featuredmedia":[{"embeddable":true,"href":"https:\/\/pallasdesign.ee\/fi\/wp-json\/wp\/v2\/media\/11513"}],"wp:attachment":[{"href":"https:\/\/pallasdesign.ee\/fi\/wp-json\/wp\/v2\/media?parent=21043"}],"wp:term":[{"taxonomy":"product_brand","embeddable":true,"href":"https:\/\/pallasdesign.ee\/fi\/wp-json\/wp\/v2\/product_brand?post=21043"},{"taxonomy":"product_cat","embeddable":true,"href":"https:\/\/pallasdesign.ee\/fi\/wp-json\/wp\/v2\/product_cat?post=21043"},{"taxonomy":"product_tag","embeddable":true,"href":"https:\/\/pallasdesign.ee\/fi\/wp-json\/wp\/v2\/product_tag?post=21043"}],"curies":[{"name":"wp","href":"https:\/\/api.w.org\/{rel}","templated":true}]}}