{"id":23259,"date":"2023-11-13T13:20:21","date_gmt":"2023-11-13T11:20:21","guid":{"rendered":"https:\/\/pallasdesign.ee\/?post_type=product&#038;p=23259"},"modified":"2026-02-25T22:55:13","modified_gmt":"2026-02-25T20:55:13","slug":"pyyhe-excellence-bio-90x150-cm-kopeeri","status":"publish","type":"product","link":"https:\/\/pallasdesign.ee\/fi\/saunapyyhe-nimella\/","title":{"rendered":"Pyyhe Elegance 90&#215;150 cm"},"content":{"rendered":"<h2>Saunapyyhe nimell\u00e4 Elegance<\/h2>\n<p>Pehme\u00e4 froteerakenne takaa hell\u00e4varaisen ja miellytt\u00e4v\u00e4n kuivaamisen, ja se sopii p\u00e4ivitt\u00e4iseen k\u00e4ytt\u00f6\u00f6n. Yksiv\u00e4rinen design tarjoaa hienostuneen ja elegantin ilmeen, joka t\u00e4ydent\u00e4\u00e4 harmonisesti mit\u00e4 tahansa sisustusta ilman, ett\u00e4 se vie liikaa huomiota. <\/p>\n<p>Reaktiiviv\u00e4rj\u00e4yksen ansiosta Douceur-kylpytekstiilit s\u00e4ilytt\u00e4v\u00e4t kirkkaat v\u00e4ris\u00e4vyns\u00e4 ajan my\u00f6t\u00e4 ja tuovat pysyv\u00e4\u00e4 eleganssia arjen rutiineihisi.<\/p>\n<p>Douceur 600 g\/m\u00b2 kampapuuvillasta valmistettu kylpytekstiili on Oeko-Tex-sertifioitu, mik\u00e4 vahvistaa ymp\u00e4rist\u00f6yst\u00e4v\u00e4llisyyden sek\u00e4 laadun ja l\u00e4pin\u00e4kyvyyden noudattamisen. Tuote t\u00e4ytt\u00e4\u00e4 tiukat laatu- ja turvallisuusstandardit. <\/p>\n<p><a href=\"https:\/\/pallasdesign.ee\/fi\/pyyhkeet\/\"><b>L\u00f6yd\u00e4t kaikki pyyhkeemme t\u00e4\u00e4lt\u00e4<\/b><\/a><\/p>\n<h3>Tuotetiedot<\/h3>\n<ul>\n<li>Tavaramerkki: Douceur d&#8217;int\u00e9rieur<\/li>\n<li>Mallisto: Elegance<\/li>\n<li>Materiaali: 100 % puuvillaa<\/li>\n<li>Mitat: 90&#215;150 cm<\/li>\n<li>Kankaan paino: 600 g\/m\u00b2<\/li>\n<li>Pesu: 40\u00b0C<\/li>\n<li>Valkaisu kielletty<\/li>\n<li>Rumpukuivaus keskil\u00e4mm\u00f6ss\u00e4<\/li>\n<li>Silitys: enint\u00e4\u00e4n 150\u00b0C<\/li>\n<li>Sertifikaatti: \u00d6ko-Tex Standard 100<\/li>\n<li>Toimitustapa: Toimitus l\u00e4himp\u00e4\u00e4n pakettiautomaattiin<\/li>\n<\/ul>\n","protected":false},"excerpt":{"rendered":"<p>Saunapyyhe nimell\u00e4 Douceur Elegance 600 g\/m\u00b2 \u2013 ylellinen lahja erilaisiin tilaisuuksiin. Nimell\u00e4 tai logolla personoitu pyyhe sopii erinomaisesti my\u00f6s liikelahjaksi. <\/p>\n","protected":false},"featured_media":23309,"template":"","meta":[],"product_brand":[],"product_cat":[856,812,859,960,854,858,811,855,853,860,857],"product_tag":[1596],"class_list":{"0":"post-23259","1":"product","2":"type-product","3":"status-publish","4":"has-post-thumbnail","6":"product_cat-saunaliinat","7":"product_cat-brodeeratut-lahjat","8":"product_cat-brodeeratut-saunapyyhkeet","9":"product_cat-douceur-dinterieur-fi","10":"product_cat-froteepyyhkeet","11":"product_cat-iso-saunapyyhe","12":"product_cat-nimikoidut-lahjat","13":"product_cat-puuvillapyyhe","14":"product_cat-pyyhkeet","15":"product_cat-saunapyyhkeet","16":"product_cat-saunapyyhkeiden-myynti","17":"product_tag-elegance-fi","18":"no-featured-image-padding","19":"sales-flash-overlay","20":"woocommerce-text-align-center","21":"woocommerce-image-align-center","22":"do-quantity-buttons","24":"first","25":"instock","26":"taxable","27":"shipping-taxable","28":"purchasable","29":"product-type-variable"},"_links":{"self":[{"href":"https:\/\/pallasdesign.ee\/fi\/wp-json\/wp\/v2\/product\/23259","targetHints":{"allow":["GET"]}}],"collection":[{"href":"https:\/\/pallasdesign.ee\/fi\/wp-json\/wp\/v2\/product"}],"about":[{"href":"https:\/\/pallasdesign.ee\/fi\/wp-json\/wp\/v2\/types\/product"}],"wp:featuredmedia":[{"embeddable":true,"href":"https:\/\/pallasdesign.ee\/fi\/wp-json\/wp\/v2\/media\/23309"}],"wp:attachment":[{"href":"https:\/\/pallasdesign.ee\/fi\/wp-json\/wp\/v2\/media?parent=23259"}],"wp:term":[{"taxonomy":"product_brand","embeddable":true,"href":"https:\/\/pallasdesign.ee\/fi\/wp-json\/wp\/v2\/product_brand?post=23259"},{"taxonomy":"product_cat","embeddable":true,"href":"https:\/\/pallasdesign.ee\/fi\/wp-json\/wp\/v2\/product_cat?post=23259"},{"taxonomy":"product_tag","embeddable":true,"href":"https:\/\/pallasdesign.ee\/fi\/wp-json\/wp\/v2\/product_tag?post=23259"}],"curies":[{"name":"wp","href":"https:\/\/api.w.org\/{rel}","templated":true}]}}