{"id":23643,"date":"2026-04-10T02:30:48","date_gmt":"2026-04-09T23:30:48","guid":{"rendered":"https:\/\/pallasdesign.ee\/?post_type=product&#038;p=23643"},"modified":"2026-04-10T12:39:39","modified_gmt":"2026-04-10T09:39:39","slug":"rintalappuesiliina-urban-kopeeri-kopeeri-kopeeri-5","status":"publish","type":"product","link":"https:\/\/pallasdesign.ee\/fi\/pehme%C3%A4-lapsen-reppu\/","title":{"rendered":"Beige teddy-kankaasta valmistettu lasten reppu korvilla \u2013 7,3 L"},"content":{"rendered":"<h2>Pehme\u00e4 lapsen reppu<\/h2>\n<p>T\u00e4m\u00e4 pehme\u00e4 lapsen reppu Pr\u00eat-br\u00e4ndilt\u00e4 on t\u00e4ydellinen kumppani jokap\u00e4iv\u00e4iseen k\u00e4ytt\u00f6\u00f6n!<br \/>\nPehme\u00e4st\u00e4 teddy-kankaasta valmistettu lasten reppu on tyylikk\u00e4\u00e4n ulkon\u00e4\u00f6n lis\u00e4ksi my\u00f6s eritt\u00e4in mukava k\u00e4ytt\u00e4\u00e4.<br \/>\nTilava p\u00e4\u00e4lokero tarjoaa riitt\u00e4v\u00e4sti tilaa niin ev\u00e4srasiolle kuin juomapullolle, kun taas pienemm\u00e4t tavarat voi k\u00e4tev\u00e4sti sijoittaa etutaskuun. Molemmat lokerot sulkeutuvat vetoketjulla.<br \/>\nS\u00e4\u00e4dett\u00e4vien olkahihnojen ansiosta reppu istuu aina mukavasti lapselle ja sopii erinomaisesti.<br \/>\nNimellinen lasten reppu on k\u00e4yt\u00e4nn\u00f6llinen valinta, joka auttaa v\u00e4ltt\u00e4m\u00e4\u00e4n tavaroiden katoamista ja tekee repusta lapselle henkil\u00f6kohtaisen. <\/p>\n<p><a href=\"https:\/\/pallasdesign.ee\/fi\/lasten-reput\/\"><b>Kaikki tarjoamamme lasten reput l\u00f6yd\u00e4t t\u00e4\u00e4lt\u00e4<\/b><\/a><\/p>\n<h3 style=\"margin-top:50px;\">Tuotetiedot<\/h3>\n<ul style=\"margin-bottom:50px;\">\n<li>Br\u00e4ndi: Pr\u00eat<\/li>\n<li>Tuote: Lasten reppu<\/li>\n<li>Sukupuoli: Sopii sek\u00e4 pojille ett\u00e4 tyt\u00f6ille<\/li>\n<li>Mitat: 31 \u00d7 26 \u00d7 9 cm<\/li>\n<li>Tilavuus: 7,3 L<\/li>\n<li>Paino: 300 g<\/li>\n<li>Materiaali: Polyesteri<\/li>\n<li>Toimitustapa: Toimitus l\u00e4himp\u00e4\u00e4n pakettiautomaattiin<\/li>\n<\/ul>\n","protected":false},"excerpt":{"rendered":"<p>Trendik\u00e4s lasten reppu jokap\u00e4iv\u00e4iseen k\u00e4ytt\u00f6\u00f6n.<\/p>\n<p>T\u00e4m\u00e4 reppu sopii erinomaisesti niin kouluun, p\u00e4iv\u00e4kotiin kuin vapaa-aikaankin. Kirjottu nimi tekee repusta ainutlaatuisen ja antaa sille erityisen merkityksen. <\/p>\n<p><b>Huom! Kirjomme nimen repun etupuolen yl\u00e4osaan!<\/b><\/p>\n","protected":false},"featured_media":23825,"template":"","meta":[],"product_brand":[],"product_cat":[811,812,803,806,808,1569,809,933,941,1614,1613,1615],"product_tag":[],"class_list":{"0":"post-23643","1":"product","2":"type-product","3":"status-publish","4":"has-post-thumbnail","6":"product_cat-nimikoidut-lahjat","7":"product_cat-brodeeratut-lahjat","8":"product_cat-joululahjat","9":"product_cat-lahjaideoita","10":"product_cat-lahjat","11":"product_cat-lasten-reput","12":"product_cat-lastentuotteet","13":"product_cat-laukut","14":"product_cat-personoidut-lahjat","15":"product_cat-poikien-reput","16":"product_cat-pret-fi","17":"product_cat-tyttojen-reput","18":"no-featured-image-padding","19":"sales-flash-overlay","20":"woocommerce-text-align-center","21":"woocommerce-image-align-center","22":"do-quantity-buttons","24":"first","25":"instock","26":"taxable","27":"shipping-taxable","28":"purchasable","29":"product-type-simple"},"_links":{"self":[{"href":"https:\/\/pallasdesign.ee\/fi\/wp-json\/wp\/v2\/product\/23643","targetHints":{"allow":["GET"]}}],"collection":[{"href":"https:\/\/pallasdesign.ee\/fi\/wp-json\/wp\/v2\/product"}],"about":[{"href":"https:\/\/pallasdesign.ee\/fi\/wp-json\/wp\/v2\/types\/product"}],"wp:featuredmedia":[{"embeddable":true,"href":"https:\/\/pallasdesign.ee\/fi\/wp-json\/wp\/v2\/media\/23825"}],"wp:attachment":[{"href":"https:\/\/pallasdesign.ee\/fi\/wp-json\/wp\/v2\/media?parent=23643"}],"wp:term":[{"taxonomy":"product_brand","embeddable":true,"href":"https:\/\/pallasdesign.ee\/fi\/wp-json\/wp\/v2\/product_brand?post=23643"},{"taxonomy":"product_cat","embeddable":true,"href":"https:\/\/pallasdesign.ee\/fi\/wp-json\/wp\/v2\/product_cat?post=23643"},{"taxonomy":"product_tag","embeddable":true,"href":"https:\/\/pallasdesign.ee\/fi\/wp-json\/wp\/v2\/product_tag?post=23643"}],"curies":[{"name":"wp","href":"https:\/\/api.w.org\/{rel}","templated":true}]}}