{"id":23689,"date":"2026-04-10T03:45:28","date_gmt":"2026-04-10T00:45:28","guid":{"rendered":"https:\/\/pallasdesign.ee\/?post_type=product&#038;p=23689"},"modified":"2026-04-10T12:36:57","modified_gmt":"2026-04-10T09:36:57","slug":"rintalappuesiliina-urban-kopeeri-kopeeri-kopeeri-kopeeri-4","status":"publish","type":"product","link":"https:\/\/pallasdesign.ee\/fi\/taaperoiden-reppu-karhu-teddy\/","title":{"rendered":"Ruskea teddy-kankaasta valmistettu lasten reppu Karhu korvilla ja kasvoilla \u2013 6,1 L"},"content":{"rendered":"<h2>Taaperoiden reppu<\/h2>\n<p>T\u00e4m\u00e4 suloinen Kidzroomin taaperoiden reppu on todellinen katseenvangitsija.<br \/>\nReppu on valmistettu pehme\u00e4st\u00e4 teddy-kankaasta, ja etutaskussa on kaksi suloista nallekorvaa, jotka luovat leikkis\u00e4n ja ainutlaatuisen designin.<br \/>\nRuskeassa repussa on tilava vetoketjulla suljettava p\u00e4\u00e4lokero, joka sopii erinomaisesti ev\u00e4srasian, vaatteiden tai muiden tavaroiden kuljettamiseen. Lis\u00e4ksi repussa on erillinen etutasku pienempien tavaroiden j\u00e4rjestyksess\u00e4 s\u00e4ilytt\u00e4miseen.<br \/>\nYl\u00e4osassa on k\u00e4tev\u00e4 lenkki, jonka avulla repun voi kantaa k\u00e4dess\u00e4 tai ripustaa. S\u00e4\u00e4dett\u00e4v\u00e4t soljilla varustetut olkahihnat takaavat, ett\u00e4 reppu pysyy sel\u00e4ss\u00e4 aina mukavasti ja tukevasti.<br \/>\nK\u00e4yt\u00e4nn\u00f6llinen ja suloinen reppu, joka sopii erinomaisesti niin kouluun kuin retkille!<br \/>\nNimellinen lasten reppu on k\u00e4yt\u00e4nn\u00f6llinen valinta, joka auttaa v\u00e4ltt\u00e4m\u00e4\u00e4n tavaroiden katoamista ja tekee repusta lapselle henkil\u00f6kohtaisen.<\/p>\n<p><a href=\"https:\/\/pallasdesign.ee\/fi\/lasten-reput\/\"><b>Kaikki tarjoamamme lasten reput l\u00f6yd\u00e4t t\u00e4\u00e4lt\u00e4<\/b><\/a><\/p>\n<h3 style=\"margin-top:50px;\">Tuotetiedot<\/h3>\n<ul style=\"margin-bottom:50px;\">\n<li>Br\u00e4ndi: Kidzroom<\/li>\n<li>Tuote: Lasten reppu<\/li>\n<li>Sukupuoli: Sopii sek\u00e4 pojille ett\u00e4 tyt\u00f6ille<\/li>\n<li>Mitat: 31x22x9 cm<\/li>\n<li>Tilavuus: 6,1 L<\/li>\n<li>Paino: 350 g<\/li>\n<li>Materiaali: Polyesteri<\/li>\n<li>Toimitustapa: Toimitus l\u00e4himp\u00e4\u00e4n pakettiautomaattiin<\/li>\n<\/ul>\n","protected":false},"excerpt":{"rendered":"<p>Trendik\u00e4s lasten reppu jokap\u00e4iv\u00e4iseen k\u00e4ytt\u00f6\u00f6n.<\/p>\n<p>T\u00e4m\u00e4 reppu sopii erinomaisesti niin p\u00e4iv\u00e4kotiin kuin vapaa-aikaankin. Kirjottu nimi tekee repusta ainutlaatuisen ja antaa sille erityisen merkityksen. <\/p>\n<p><b>Huom! Kirjomme nimen repun etupuolen yl\u00e4osaan!<\/b><\/p>\n","protected":false},"featured_media":23850,"template":"","meta":[],"product_brand":[],"product_cat":[811,812,803,1611,806,808,1569,809,933,941,1614,1617,1615],"product_tag":[],"class_list":{"0":"post-23689","1":"product","2":"type-product","3":"status-publish","4":"has-post-thumbnail","6":"product_cat-nimikoidut-lahjat","7":"product_cat-brodeeratut-lahjat","8":"product_cat-joululahjat","9":"product_cat-kidzroom-fi","10":"product_cat-lahjaideoita","11":"product_cat-lahjat","12":"product_cat-lasten-reput","13":"product_cat-lastentuotteet","14":"product_cat-laukut","15":"product_cat-personoidut-lahjat","16":"product_cat-poikien-reput","17":"product_cat-taaperoiden-reput","18":"product_cat-tyttojen-reput","19":"no-featured-image-padding","20":"sales-flash-overlay","21":"woocommerce-text-align-center","22":"woocommerce-image-align-center","23":"do-quantity-buttons","25":"first","26":"instock","27":"taxable","28":"shipping-taxable","29":"purchasable","30":"product-type-simple"},"_links":{"self":[{"href":"https:\/\/pallasdesign.ee\/fi\/wp-json\/wp\/v2\/product\/23689","targetHints":{"allow":["GET"]}}],"collection":[{"href":"https:\/\/pallasdesign.ee\/fi\/wp-json\/wp\/v2\/product"}],"about":[{"href":"https:\/\/pallasdesign.ee\/fi\/wp-json\/wp\/v2\/types\/product"}],"wp:featuredmedia":[{"embeddable":true,"href":"https:\/\/pallasdesign.ee\/fi\/wp-json\/wp\/v2\/media\/23850"}],"wp:attachment":[{"href":"https:\/\/pallasdesign.ee\/fi\/wp-json\/wp\/v2\/media?parent=23689"}],"wp:term":[{"taxonomy":"product_brand","embeddable":true,"href":"https:\/\/pallasdesign.ee\/fi\/wp-json\/wp\/v2\/product_brand?post=23689"},{"taxonomy":"product_cat","embeddable":true,"href":"https:\/\/pallasdesign.ee\/fi\/wp-json\/wp\/v2\/product_cat?post=23689"},{"taxonomy":"product_tag","embeddable":true,"href":"https:\/\/pallasdesign.ee\/fi\/wp-json\/wp\/v2\/product_tag?post=23689"}],"curies":[{"name":"wp","href":"https:\/\/api.w.org\/{rel}","templated":true}]}}