{"id":23698,"date":"2026-04-10T00:30:03","date_gmt":"2026-04-09T21:30:03","guid":{"rendered":"https:\/\/pallasdesign.ee\/?post_type=product&#038;p=23698"},"modified":"2026-04-10T12:42:55","modified_gmt":"2026-04-10T09:42:55","slug":"rintalappuesiliina-urban-kopeeri-kopeeri-kopeeri-kopeeri-kopeeri","status":"publish","type":"product","link":"https:\/\/pallasdesign.ee\/fi\/taaperon-reppu-kettu\/","title":{"rendered":"Oranssi teddy-kankaasta lasten reppu Kettu korvilla ja kasvoilla 4,3 L"},"content":{"rendered":"<h2>Taaperon reppu<\/h2>\n<p>Tutustu mielikuvituksen taikaan Pr\u00eat-repulla!<br \/>\nT\u00e4m\u00e4 ainutlaatuinen reppu tuo esiin mets\u00e4n tunnelman \u2013 pehme\u00e4 teddy-kangas ja etupuolella oleva suloinen ketun kasvokuva luovat erottuvan ilmeen.<br \/>\nTaaperon reppu tuntuu pehmolelulta, samalla pit\u00e4en kaikki tarvittavat tavarat turvallisesti ja j\u00e4rjestyksess\u00e4 tilavassa p\u00e4\u00e4lokerossa. S\u00e4\u00e4dett\u00e4v\u00e4t olkahihnat takaavat mukavan kantamisen.<br \/>\nOlipa kyseess\u00e4 p\u00e4iv\u00e4kotip\u00e4iv\u00e4 tai retki \u2013 anna Pr\u00eat-repun hurmata!<br \/>\nNimellinen lasten reppu on k\u00e4yt\u00e4nn\u00f6llinen valinta, joka auttaa v\u00e4ltt\u00e4m\u00e4\u00e4n tavaroiden katoamista ja tekee repusta lapselle henkil\u00f6kohtaisen.<\/p>\n<p><a href=\"https:\/\/pallasdesign.ee\/fi\/lasten-reput\/\"><b>Kaikki tarjoamamme lasten reput l\u00f6yd\u00e4t t\u00e4\u00e4lt\u00e4<\/b><\/a><\/p>\n<h3 style=\"margin-top:50px;\">Tuotetiedot<\/h3>\n<ul style=\"margin-bottom:50px;\">\n<li>Br\u00e4ndi: Pr\u00eat<\/li>\n<li>Tuote: Lasten reppu<\/li>\n<li>Sukupuoli: Sopii sek\u00e4 pojille ett\u00e4 tyt\u00f6ille<\/li>\n<li>Mitat: 28x22x7 cm<\/li>\n<li>Tilavuus: 4.3 L<\/li>\n<li>Paino: 210 g<\/li>\n<li>Materiaali: Polyesteri<\/li>\n<li>Toimitustapa: Toimitus l\u00e4himp\u00e4\u00e4n pakettiautomaattiin<\/li>\n<\/ul>\n","protected":false},"excerpt":{"rendered":"<p>Trendik\u00e4s lasten reppu jokap\u00e4iv\u00e4iseen k\u00e4ytt\u00f6\u00f6n.<\/p>\n<p>T\u00e4m\u00e4 reppu sopii erinomaisesti niin p\u00e4iv\u00e4kotiin kuin vapaa-aikaankin. Kirjottu nimi tekee repusta ainutlaatuisen ja antaa sille erityisen merkityksen. <\/p>\n<p><b>Huom! Kirjomme nimen repun etupuolen yl\u00e4osaan!<\/b><\/p>\n","protected":false},"featured_media":23857,"template":"","meta":[],"product_brand":[],"product_cat":[811,812,803,806,808,1569,809,933,941,1614,1613,1617,1615],"product_tag":[],"class_list":{"0":"post-23698","1":"product","2":"type-product","3":"status-publish","4":"has-post-thumbnail","6":"product_cat-nimikoidut-lahjat","7":"product_cat-brodeeratut-lahjat","8":"product_cat-joululahjat","9":"product_cat-lahjaideoita","10":"product_cat-lahjat","11":"product_cat-lasten-reput","12":"product_cat-lastentuotteet","13":"product_cat-laukut","14":"product_cat-personoidut-lahjat","15":"product_cat-poikien-reput","16":"product_cat-pret-fi","17":"product_cat-taaperoiden-reput","18":"product_cat-tyttojen-reput","19":"no-featured-image-padding","20":"sales-flash-overlay","21":"woocommerce-text-align-center","22":"woocommerce-image-align-center","23":"do-quantity-buttons","25":"first","26":"instock","27":"taxable","28":"shipping-taxable","29":"purchasable","30":"product-type-simple"},"_links":{"self":[{"href":"https:\/\/pallasdesign.ee\/fi\/wp-json\/wp\/v2\/product\/23698","targetHints":{"allow":["GET"]}}],"collection":[{"href":"https:\/\/pallasdesign.ee\/fi\/wp-json\/wp\/v2\/product"}],"about":[{"href":"https:\/\/pallasdesign.ee\/fi\/wp-json\/wp\/v2\/types\/product"}],"wp:featuredmedia":[{"embeddable":true,"href":"https:\/\/pallasdesign.ee\/fi\/wp-json\/wp\/v2\/media\/23857"}],"wp:attachment":[{"href":"https:\/\/pallasdesign.ee\/fi\/wp-json\/wp\/v2\/media?parent=23698"}],"wp:term":[{"taxonomy":"product_brand","embeddable":true,"href":"https:\/\/pallasdesign.ee\/fi\/wp-json\/wp\/v2\/product_brand?post=23698"},{"taxonomy":"product_cat","embeddable":true,"href":"https:\/\/pallasdesign.ee\/fi\/wp-json\/wp\/v2\/product_cat?post=23698"},{"taxonomy":"product_tag","embeddable":true,"href":"https:\/\/pallasdesign.ee\/fi\/wp-json\/wp\/v2\/product_tag?post=23698"}],"curies":[{"name":"wp","href":"https:\/\/api.w.org\/{rel}","templated":true}]}}