{"id":23716,"date":"2026-04-10T03:00:34","date_gmt":"2026-04-10T00:00:34","guid":{"rendered":"https:\/\/pallasdesign.ee\/?post_type=product&#038;p=23716"},"modified":"2026-04-10T12:38:48","modified_gmt":"2026-04-10T09:38:48","slug":"rintalappuesiliina-urban-kopeeri-kopeeri-kopeeri-kopeeri","status":"publish","type":"product","link":"https:\/\/pallasdesign.ee\/fi\/tyton-reppu-tummanpinkki\/","title":{"rendered":"Tummanpinkki tekoturkiksesta lasten reppu 11,5 L"},"content":{"rendered":"<h2>Tyt\u00f6n reppu<\/h2>\n<p>T\u00e4m\u00e4 tummanpinkki tyt\u00f6n reppu on n\u00e4ytt\u00e4v\u00e4 valinta nuorille, jotka haluavat erottua. Pehme\u00e4 ja p\u00f6rr\u00f6inen kangas antaa repulle miellytt\u00e4v\u00e4n ulkon\u00e4\u00f6n. Sopii kouluun ja retkille.<br \/>Repussa on tilava p\u00e4\u00e4lokero kahdella kullanv\u00e4risell\u00e4 vetoketjulla, johon mahtuvat kirjat, lelut ja muut t\u00e4rke\u00e4t tavarat. Etutasku, jossa on hillitty kullanv\u00e4rinen Milky Kiss -logo, sopii pienempien tavaroiden, kuten kynien tai avainten s\u00e4ilytt\u00e4miseen. S\u00e4\u00e4dett\u00e4v\u00e4t olkahihnat takaavat mukavan kantamisen eri-ik\u00e4isille lapsille.<br \/>Lasten reppu henkil\u00f6kohtaisella brodeerauksella on k\u00e4yt\u00e4nn\u00f6llinen valinta, joka auttaa v\u00e4ltt\u00e4m\u00e4\u00e4n tavaroiden katoamista ja tekee repusta lapselle henkil\u00f6kohtaisen.    <\/p>\n<p><a href=\"https:\/\/pallasdesign.ee\/fi\/lasten-reput\/\"><b>Kaikki tarjoamamme lasten reput l\u00f6yd\u00e4t t\u00e4\u00e4lt\u00e4<\/b><\/a><\/p>\n<h3 style=\"margin-top:50px;\">Tuotetiedot<\/h3>\n<ul style=\"margin-bottom:50px;\">\n<li>Tuotemerkki: Milky Kiss<\/li>\n<li>Tuote: Lasten reppu<\/li>\n<li>Sukupuoli: Tyt\u00f6ille<\/li>\n<li>Mitat: 37x26x12 cm<\/li>\n<li>Tilavuus: 11.5 L<\/li>\n<li>Paino: 260 g<\/li>\n<li>Materiaali: Polyesteri<\/li>\n<li>Toimitustapa: Toimitus l\u00e4himp\u00e4\u00e4n pakettiautomaattiin<\/li>\n<\/ul>\n","protected":false},"excerpt":{"rendered":"<p>Trendik\u00e4s lasten reppu jokap\u00e4iv\u00e4iseen k\u00e4ytt\u00f6\u00f6n.<\/p>\n<p>T\u00e4m\u00e4 reppu sopii erinomaisesti niin kouluun, p\u00e4iv\u00e4kotiin kuin vapaa-aikaankin. Kirjottu nimi tekee repusta ainutlaatuisen ja antaa sille erityisen merkityksen. <\/p>\n<p><b>Huom! Kirjomme nimen repun etupuolen yl\u00e4osaan!<\/b><\/p>\n","protected":false},"featured_media":23867,"template":"","meta":[],"product_brand":[],"product_cat":[811,812,803,806,808,1569,809,933,1612,941,1615],"product_tag":[],"class_list":{"0":"post-23716","1":"product","2":"type-product","3":"status-publish","4":"has-post-thumbnail","6":"product_cat-nimikoidut-lahjat","7":"product_cat-brodeeratut-lahjat","8":"product_cat-joululahjat","9":"product_cat-lahjaideoita","10":"product_cat-lahjat","11":"product_cat-lasten-reput","12":"product_cat-lastentuotteet","13":"product_cat-laukut","14":"product_cat-milky-kiss-fi","15":"product_cat-personoidut-lahjat","16":"product_cat-tyttojen-reput","17":"no-featured-image-padding","18":"sales-flash-overlay","19":"woocommerce-text-align-center","20":"woocommerce-image-align-center","21":"do-quantity-buttons","23":"first","24":"instock","25":"taxable","26":"shipping-taxable","27":"purchasable","28":"product-type-simple"},"_links":{"self":[{"href":"https:\/\/pallasdesign.ee\/fi\/wp-json\/wp\/v2\/product\/23716","targetHints":{"allow":["GET"]}}],"collection":[{"href":"https:\/\/pallasdesign.ee\/fi\/wp-json\/wp\/v2\/product"}],"about":[{"href":"https:\/\/pallasdesign.ee\/fi\/wp-json\/wp\/v2\/types\/product"}],"wp:featuredmedia":[{"embeddable":true,"href":"https:\/\/pallasdesign.ee\/fi\/wp-json\/wp\/v2\/media\/23867"}],"wp:attachment":[{"href":"https:\/\/pallasdesign.ee\/fi\/wp-json\/wp\/v2\/media?parent=23716"}],"wp:term":[{"taxonomy":"product_brand","embeddable":true,"href":"https:\/\/pallasdesign.ee\/fi\/wp-json\/wp\/v2\/product_brand?post=23716"},{"taxonomy":"product_cat","embeddable":true,"href":"https:\/\/pallasdesign.ee\/fi\/wp-json\/wp\/v2\/product_cat?post=23716"},{"taxonomy":"product_tag","embeddable":true,"href":"https:\/\/pallasdesign.ee\/fi\/wp-json\/wp\/v2\/product_tag?post=23716"}],"curies":[{"name":"wp","href":"https:\/\/api.w.org\/{rel}","templated":true}]}}