{"id":23725,"date":"2026-04-10T05:15:58","date_gmt":"2026-04-10T02:15:58","guid":{"rendered":"https:\/\/pallasdesign.ee\/?post_type=product&#038;p=23725"},"modified":"2026-04-10T12:46:23","modified_gmt":"2026-04-10T09:46:23","slug":"rintalappuesiliina-urban-kopeeri-kopeeri-kopeeri-kopeeri-2","status":"publish","type":"product","link":"https:\/\/pallasdesign.ee\/fi\/poikien-reppu-autot-vaaleansininen\/","title":{"rendered":"Vaaleansininen autoilla kuvioitu lasten reppu 11,7 L"},"content":{"rendered":"<h2>Poikien reppu<\/h2>\n<p>T\u00e4m\u00e4 vaaleansininen reppu sopii lapsille 0\u20138 vuoden i\u00e4ss\u00e4. Reppu on valmistettu kierr\u00e4tetyst\u00e4 polyesterist\u00e4 ja siin\u00e4 on auto-kuvio.<br \/>\nKahdella vetoketjulla varustettu p\u00e4\u00e4lokero tarjoaa riitt\u00e4v\u00e4sti tilaa p\u00e4ivitt\u00e4isille tavaroille ja siihen mahtuvat helposti ev\u00e4srasia, juomapullo tai varavaatteet. Vetoketjullinen etutasku sopii pienempien tavaroiden s\u00e4ilytt\u00e4miseen, ja molemmilla sivuilla on lis\u00e4taskut esimerkiksi juomapullolle.<br \/>\nS\u00e4\u00e4dett\u00e4v\u00e4t soljella varustetut olkahihnat takaavat hyv\u00e4n istuvuuden, ja tukeva yl\u00e4lenkki tekee repun kantamisesta ja ripustamisesta helppoa. Sis\u00e4ll\u00e4 on nimilappu ja juomapullon pidike, jotka auttavat pit\u00e4m\u00e4\u00e4n sis\u00e4ll\u00f6n j\u00e4rjestyksess\u00e4. T\u00e4m\u00e4 malli tarjoaa k\u00e4yt\u00e4nn\u00f6llisen ratkaisun ja helposti tunnistettavan ulkon\u00e4\u00f6n, ollen vahva valinta lasten reppujen ja koulureppujen kategoriassa.<br \/>Lasten reppu henkil\u00f6kohtaisella brodeerauksella on k\u00e4yt\u00e4nn\u00f6llinen valinta, joka auttaa v\u00e4ltt\u00e4m\u00e4\u00e4n tavaroiden katoamista ja tekee repusta lapselle henkil\u00f6kohtaisen.  <\/p>\n<p><a href=\"https:\/\/pallasdesign.ee\/fi\/lasten-reput\/\"><b>Kaikki tarjoamamme lasten reput l\u00f6yd\u00e4t t\u00e4\u00e4lt\u00e4<\/b><\/a><\/p>\n<h3 style=\"margin-top:50px;\">Tuotetiedot<\/h3>\n<ul style=\"margin-bottom:50px;\">\n<li>Br\u00e4ndi: Kidzroom<\/li>\n<li>Tuote: Lasten reppu<\/li>\n<li>Sukupuoli: Pojat<\/li>\n<li>Mitat: 37x27x12 cm<\/li>\n<li>Tilavuus: 11.7 L<\/li>\n<li>Paino: 260 g<\/li>\n<li>Materiaali: Polyesteri<\/li>\n<li>Toimitustapa: Toimitus l\u00e4himp\u00e4\u00e4n pakettiautomaattiin<\/li>\n<\/ul>\n","protected":false},"excerpt":{"rendered":"<p>Trendik\u00e4s lasten reppu jokap\u00e4iv\u00e4iseen k\u00e4ytt\u00f6\u00f6n.<\/p>\n<p>T\u00e4m\u00e4 reppu sopii erinomaisesti niin kouluun, p\u00e4iv\u00e4kotiin kuin vapaa-aikaankin. Kirjottu nimi tekee repusta ainutlaatuisen ja antaa sille erityisen merkityksen. <\/p>\n<p><b>Huom! Kirjomme nimen repun etupuolen yl\u00e4osaan!<\/b><\/p>\n","protected":false},"featured_media":23872,"template":"","meta":[],"product_brand":[],"product_cat":[811,812,803,1611,806,808,1569,809,933,941,1614],"product_tag":[],"class_list":{"0":"post-23725","1":"product","2":"type-product","3":"status-publish","4":"has-post-thumbnail","6":"product_cat-nimikoidut-lahjat","7":"product_cat-brodeeratut-lahjat","8":"product_cat-joululahjat","9":"product_cat-kidzroom-fi","10":"product_cat-lahjaideoita","11":"product_cat-lahjat","12":"product_cat-lasten-reput","13":"product_cat-lastentuotteet","14":"product_cat-laukut","15":"product_cat-personoidut-lahjat","16":"product_cat-poikien-reput","17":"no-featured-image-padding","18":"sales-flash-overlay","19":"woocommerce-text-align-center","20":"woocommerce-image-align-center","21":"do-quantity-buttons","23":"first","24":"instock","25":"taxable","26":"shipping-taxable","27":"purchasable","28":"product-type-simple"},"_links":{"self":[{"href":"https:\/\/pallasdesign.ee\/fi\/wp-json\/wp\/v2\/product\/23725","targetHints":{"allow":["GET"]}}],"collection":[{"href":"https:\/\/pallasdesign.ee\/fi\/wp-json\/wp\/v2\/product"}],"about":[{"href":"https:\/\/pallasdesign.ee\/fi\/wp-json\/wp\/v2\/types\/product"}],"wp:featuredmedia":[{"embeddable":true,"href":"https:\/\/pallasdesign.ee\/fi\/wp-json\/wp\/v2\/media\/23872"}],"wp:attachment":[{"href":"https:\/\/pallasdesign.ee\/fi\/wp-json\/wp\/v2\/media?parent=23725"}],"wp:term":[{"taxonomy":"product_brand","embeddable":true,"href":"https:\/\/pallasdesign.ee\/fi\/wp-json\/wp\/v2\/product_brand?post=23725"},{"taxonomy":"product_cat","embeddable":true,"href":"https:\/\/pallasdesign.ee\/fi\/wp-json\/wp\/v2\/product_cat?post=23725"},{"taxonomy":"product_tag","embeddable":true,"href":"https:\/\/pallasdesign.ee\/fi\/wp-json\/wp\/v2\/product_tag?post=23725"}],"curies":[{"name":"wp","href":"https:\/\/api.w.org\/{rel}","templated":true}]}}