{"id":23761,"date":"2026-04-10T00:15:09","date_gmt":"2026-04-09T21:15:09","guid":{"rendered":"https:\/\/pallasdesign.ee\/?post_type=product&#038;p=23761"},"modified":"2026-04-10T19:14:03","modified_gmt":"2026-04-10T16:14:03","slug":"rintalappuesiliina-urban-kopeeri-kopeeri-kopeeri-kopeeri-kopeeri-kopeeri-kopeeri","status":"publish","type":"product","link":"https:\/\/pallasdesign.ee\/fi\/lasten-reppu-nimella\/","title":{"rendered":"Persikanv\u00e4rinen teddy-kankaasta lasten reppu korvilla 7,3 L"},"content":{"rendered":"<h2>Lasten reppu nimell\u00e4<\/h2>\n<p>T\u00e4m\u00e4 suloinen Pr\u00eat-reppu on kuin elinik\u00e4inen yst\u00e4v\u00e4!<br \/>\nReppu on persikanv\u00e4rinen ja valmistettu pehme\u00e4st\u00e4 teddy-kankaasta. P\u00e4\u00e4lokero tarjoaa riitt\u00e4v\u00e4sti tilaa esimerkiksi ev\u00e4srasialle ja juomapullolle. Lis\u00e4ksi edess\u00e4 on pieni tasku pienempien tavaroiden s\u00e4ilytt\u00e4miseen. Molemmat lokerot sulkeutuvat vetoketjulla, jossa on kullanv\u00e4rinen vedin. Repun yl\u00e4osassa on k\u00e4tev\u00e4 lenkki, jonka avulla reppua voi kantaa my\u00f6s k\u00e4dess\u00e4. S\u00e4\u00e4dett\u00e4v\u00e4t olkahihnat takaavat, ett\u00e4 reppu istuu hyvin jokaiselle.<br \/>Lasten reppu henkil\u00f6kohtaisella brodeerauksella on k\u00e4yt\u00e4nn\u00f6llinen valinta, joka auttaa v\u00e4ltt\u00e4m\u00e4\u00e4n tavaroiden katoamista ja tekee repusta lapselle henkil\u00f6kohtaisen.     <\/p>\n<p><a href=\"https:\/\/pallasdesign.ee\/fi\/lasten-reput\/\"><b>Kaikki tarjoamamme lasten reput l\u00f6yd\u00e4t t\u00e4\u00e4lt\u00e4<\/b><\/a><\/p>\n<h3 style=\"margin-top:50px;\">Tuotetiedot<\/h3>\n<ul style=\"margin-bottom:50px;\">\n<li>Br\u00e4ndi: Pr\u00eat<\/li>\n<li>Tuote: Lasten reppu<\/li>\n<li>Sukupuoli: Tyt\u00f6ille<\/li>\n<li>Mitat: 31 \u00d7 26 \u00d7 9 cm<\/li>\n<li>Tilavuus: 7,3 L<\/li>\n<li>Paino: 250 g<\/li>\n<li>Materiaali: Polyesteri<\/li>\n<li>Toimitustapa: Toimitus l\u00e4himp\u00e4\u00e4n pakettiautomaattiin<\/li>\n<\/ul>\n","protected":false},"excerpt":{"rendered":"<p>Trendik\u00e4s lasten reppu nimell\u00e4 p\u00e4ivitt\u00e4iseen k\u00e4ytt\u00f6\u00f6n.<\/p>\n<p>T\u00e4m\u00e4 reppu sopii erinomaisesti niin kouluun, p\u00e4iv\u00e4kotiin kuin vapaa-aikaankin. Kirjottu nimi tekee repusta ainutlaatuisen ja antaa sille erityisen merkityksen. <\/p>\n<p><b>Huom! Kirjomme nimen repun etupuolen yl\u00e4osaan!<\/b><\/p>\n","protected":false},"featured_media":24019,"template":"","meta":[],"product_brand":[],"product_cat":[811,812,803,806,808,1569,809,933,941,1613,1615],"product_tag":[],"class_list":{"0":"post-23761","1":"product","2":"type-product","3":"status-publish","4":"has-post-thumbnail","6":"product_cat-nimikoidut-lahjat","7":"product_cat-brodeeratut-lahjat","8":"product_cat-joululahjat","9":"product_cat-lahjaideoita","10":"product_cat-lahjat","11":"product_cat-lasten-reput","12":"product_cat-lastentuotteet","13":"product_cat-laukut","14":"product_cat-personoidut-lahjat","15":"product_cat-pret-fi","16":"product_cat-tyttojen-reput","17":"no-featured-image-padding","18":"sales-flash-overlay","19":"woocommerce-text-align-center","20":"woocommerce-image-align-center","21":"do-quantity-buttons","23":"first","24":"instock","25":"taxable","26":"shipping-taxable","27":"purchasable","28":"product-type-simple"},"_links":{"self":[{"href":"https:\/\/pallasdesign.ee\/fi\/wp-json\/wp\/v2\/product\/23761","targetHints":{"allow":["GET"]}}],"collection":[{"href":"https:\/\/pallasdesign.ee\/fi\/wp-json\/wp\/v2\/product"}],"about":[{"href":"https:\/\/pallasdesign.ee\/fi\/wp-json\/wp\/v2\/types\/product"}],"wp:featuredmedia":[{"embeddable":true,"href":"https:\/\/pallasdesign.ee\/fi\/wp-json\/wp\/v2\/media\/24019"}],"wp:attachment":[{"href":"https:\/\/pallasdesign.ee\/fi\/wp-json\/wp\/v2\/media?parent=23761"}],"wp:term":[{"taxonomy":"product_brand","embeddable":true,"href":"https:\/\/pallasdesign.ee\/fi\/wp-json\/wp\/v2\/product_brand?post=23761"},{"taxonomy":"product_cat","embeddable":true,"href":"https:\/\/pallasdesign.ee\/fi\/wp-json\/wp\/v2\/product_cat?post=23761"},{"taxonomy":"product_tag","embeddable":true,"href":"https:\/\/pallasdesign.ee\/fi\/wp-json\/wp\/v2\/product_tag?post=23761"}],"curies":[{"name":"wp","href":"https:\/\/api.w.org\/{rel}","templated":true}]}}