{"id":23769,"date":"2026-04-10T01:00:22","date_gmt":"2026-04-09T22:00:22","guid":{"rendered":"https:\/\/pallasdesign.ee\/?post_type=product&#038;p=23769"},"modified":"2026-04-10T12:49:23","modified_gmt":"2026-04-10T09:49:23","slug":"rintalappuesiliina-urban-kopeeri-kopeeri","status":"publish","type":"product","link":"https:\/\/pallasdesign.ee\/fi\/lasten-nimellinen-reppu\/","title":{"rendered":"Vaaleanpunainen samettikankaasta lasten reppu 8,3 L"},"content":{"rendered":"<h2>Lasten nimellinen reppu<\/h2>\n<p>T\u00e4m\u00e4 uusi Pr\u00eat-reppu on todella hieno!<br \/>\nRibbineuloksesta valmistettu reppu sopii mukaan kaikkialle. Tilavaan p\u00e4\u00e4lokeroon mahtuvat helposti ev\u00e4srasia ja juomapullo, ja pienemp\u00e4\u00e4n vetoketjulliseen etutaskuun voi laittaa tavarat, joita et halua kadottaa. Reppu on valmistettu eritt\u00e4in pehme\u00e4st\u00e4 ribbineuloksesta, joka antaa sille miellytt\u00e4v\u00e4n ja tyylikk\u00e4\u00e4n ulkon\u00e4\u00f6n. S\u00e4\u00e4dett\u00e4v\u00e4t olkahihnat takaavat, ett\u00e4 reppu istuu lapselle mukavasti ja hyvin.<br \/>Lasten nimellinen reppu on k\u00e4yt\u00e4nn\u00f6llinen valinta, joka auttaa v\u00e4ltt\u00e4m\u00e4\u00e4n tavaroiden katoamista ja tekee repusta lapselle henkil\u00f6kohtaisen.   <\/p>\n<p><a href=\"https:\/\/pallasdesign.ee\/fi\/lasten-reput\/\"><b>Kaikki tarjoamamme lasten reput l\u00f6yd\u00e4t t\u00e4\u00e4lt\u00e4<\/b><\/a><\/p>\n<h3 style=\"margin-top:50px;\">Tuotetiedot<\/h3>\n<ul style=\"margin-bottom:50px;\">\n<li>Br\u00e4ndi: Pr\u00eat<\/li>\n<li>Tuote: Lasten reppu<\/li>\n<li>Sukupuoli: Tyt\u00f6ille<\/li>\n<li>Mitat: 30x25x11 cm<\/li>\n<li>Tilavuus: 8.3 L<\/li>\n<li>Paino: 240 g<\/li>\n<li>Materiaali: Polyesteri<\/li>\n<li>Toimitustapa: Toimitus l\u00e4himp\u00e4\u00e4n pakettiautomaattiin<\/li>\n<\/ul>\n","protected":false},"excerpt":{"rendered":"<p>Trendik\u00e4s lasten reppu jokap\u00e4iv\u00e4iseen k\u00e4ytt\u00f6\u00f6n.<\/p>\n<p>T\u00e4m\u00e4 reppu sopii erinomaisesti niin kouluun, p\u00e4iv\u00e4kotiin kuin vapaa-aikaankin. Kirjottu nimi tekee repusta ainutlaatuisen ja antaa sille erityisen merkityksen. <\/p>\n<p><b>Huom! Kirjomme nimen repun etupuolen yl\u00e4osaan!<\/b><\/p>\n","protected":false},"featured_media":23775,"template":"","meta":[],"product_brand":[],"product_cat":[811,812,803,806,808,1569,809,933,941,1613,1615],"product_tag":[],"class_list":{"0":"post-23769","1":"product","2":"type-product","3":"status-publish","4":"has-post-thumbnail","6":"product_cat-nimikoidut-lahjat","7":"product_cat-brodeeratut-lahjat","8":"product_cat-joululahjat","9":"product_cat-lahjaideoita","10":"product_cat-lahjat","11":"product_cat-lasten-reput","12":"product_cat-lastentuotteet","13":"product_cat-laukut","14":"product_cat-personoidut-lahjat","15":"product_cat-pret-fi","16":"product_cat-tyttojen-reput","17":"no-featured-image-padding","18":"sales-flash-overlay","19":"woocommerce-text-align-center","20":"woocommerce-image-align-center","21":"do-quantity-buttons","23":"first","24":"instock","25":"taxable","26":"shipping-taxable","27":"purchasable","28":"product-type-simple"},"_links":{"self":[{"href":"https:\/\/pallasdesign.ee\/fi\/wp-json\/wp\/v2\/product\/23769","targetHints":{"allow":["GET"]}}],"collection":[{"href":"https:\/\/pallasdesign.ee\/fi\/wp-json\/wp\/v2\/product"}],"about":[{"href":"https:\/\/pallasdesign.ee\/fi\/wp-json\/wp\/v2\/types\/product"}],"wp:featuredmedia":[{"embeddable":true,"href":"https:\/\/pallasdesign.ee\/fi\/wp-json\/wp\/v2\/media\/23775"}],"wp:attachment":[{"href":"https:\/\/pallasdesign.ee\/fi\/wp-json\/wp\/v2\/media?parent=23769"}],"wp:term":[{"taxonomy":"product_brand","embeddable":true,"href":"https:\/\/pallasdesign.ee\/fi\/wp-json\/wp\/v2\/product_brand?post=23769"},{"taxonomy":"product_cat","embeddable":true,"href":"https:\/\/pallasdesign.ee\/fi\/wp-json\/wp\/v2\/product_cat?post=23769"},{"taxonomy":"product_tag","embeddable":true,"href":"https:\/\/pallasdesign.ee\/fi\/wp-json\/wp\/v2\/product_tag?post=23769"}],"curies":[{"name":"wp","href":"https:\/\/api.w.org\/{rel}","templated":true}]}}