{"id":23777,"date":"2026-04-10T03:30:43","date_gmt":"2026-04-10T00:30:43","guid":{"rendered":"https:\/\/pallasdesign.ee\/?post_type=product&#038;p=23777"},"modified":"2026-04-11T12:05:50","modified_gmt":"2026-04-11T09:05:50","slug":"rintalappuesiliina-urban-kopeeri-kopeeri-kopeeri-kopeeri-5","status":"publish","type":"product","link":"https:\/\/pallasdesign.ee\/fi\/reppu-taaperoille-janis-tekoturkis\/","title":{"rendered":"Beige tekoturkiksesta lasten reppu Pupu korvilla ja kasvoilla 4,1 L"},"content":{"rendered":"<h2>Reppu taaperoille<\/h2>\n<p>T\u00e4m\u00e4 hauska ja leikkis\u00e4 Pr\u00eat-reppu taaperoille on beige.<br \/>\nReppu on eritt\u00e4in pehme\u00e4, ja sen etupuolella on j\u00e4niksen kasvot ja kaksi pehme\u00e4\u00e4 korvaa. Repussa on sek\u00e4 p\u00e4\u00e4lokero ett\u00e4 etutasku, jotka molemmat sulkeutuvat vetoketjulla, jossa on kullanv\u00e4rinen vedin. Repun yl\u00e4osassa on my\u00f6s k\u00e4tev\u00e4 lenkki, jonka avulla reppua voi kantaa k\u00e4dess\u00e4. Olkahihnat ovat helposti s\u00e4\u00e4dett\u00e4v\u00e4t ja ne voidaan mukauttaa sopiviksi jokaiselle.<br \/>Lasten reppu henkil\u00f6kohtaisella brodeerauksella on k\u00e4yt\u00e4nn\u00f6llinen valinta, joka auttaa v\u00e4ltt\u00e4m\u00e4\u00e4n tavaroiden katoamista ja tekee repusta lapselle henkil\u00f6kohtaisen.   <\/p>\n<p><a href=\"https:\/\/pallasdesign.ee\/fi\/lasten-reput\/\"><b>Kaikki tarjoamamme lasten reput l\u00f6yd\u00e4t t\u00e4\u00e4lt\u00e4<\/b><\/a><\/p>\n<h3 style=\"margin-top:50px;\">Tuotetiedot<\/h3>\n<ul style=\"margin-bottom:50px;\">\n<li>Br\u00e4ndi: Pr\u00eat<\/li>\n<li>Tuote: Lasten reppu<\/li>\n<li>Sukupuoli: Tyt\u00f6ille<\/li>\n<li>Mitat: 27x19x8 cm<\/li>\n<li>Tilavuus: 4.1 L<\/li>\n<li>Paino: 240 g<\/li>\n<li>Materiaali: Polyesteri<\/li>\n<li>Toimitustapa: Toimitus l\u00e4himp\u00e4\u00e4n pakettiautomaattiin<\/li>\n<\/ul>\n","protected":false},"excerpt":{"rendered":"<p>Trendik\u00e4s lasten reppu jokap\u00e4iv\u00e4iseen k\u00e4ytt\u00f6\u00f6n.<\/p>\n<p>T\u00e4m\u00e4 reppu sopii erinomaisesti niin p\u00e4iv\u00e4kotiin kuin vapaa-aikaankin. Kirjottu nimi tekee repusta ainutlaatuisen ja antaa sille erityisen merkityksen. <\/p>\n<p><b>Huom! T\u00e4m\u00e4 reppu myyd\u00e4\u00e4n ilman brodeerausta!<\/b><\/p>\n","protected":false},"featured_media":24017,"template":"","meta":[],"product_brand":[],"product_cat":[811,812,803,806,808,1569,809,933,941,1613,1617,1615],"product_tag":[],"class_list":{"0":"post-23777","1":"product","2":"type-product","3":"status-publish","4":"has-post-thumbnail","6":"product_cat-nimikoidut-lahjat","7":"product_cat-brodeeratut-lahjat","8":"product_cat-joululahjat","9":"product_cat-lahjaideoita","10":"product_cat-lahjat","11":"product_cat-lasten-reput","12":"product_cat-lastentuotteet","13":"product_cat-laukut","14":"product_cat-personoidut-lahjat","15":"product_cat-pret-fi","16":"product_cat-taaperoiden-reput","17":"product_cat-tyttojen-reput","18":"no-featured-image-padding","19":"sales-flash-overlay","20":"woocommerce-text-align-center","21":"woocommerce-image-align-center","22":"do-quantity-buttons","24":"first","25":"instock","26":"taxable","27":"shipping-taxable","28":"purchasable","29":"product-type-simple"},"_links":{"self":[{"href":"https:\/\/pallasdesign.ee\/fi\/wp-json\/wp\/v2\/product\/23777","targetHints":{"allow":["GET"]}}],"collection":[{"href":"https:\/\/pallasdesign.ee\/fi\/wp-json\/wp\/v2\/product"}],"about":[{"href":"https:\/\/pallasdesign.ee\/fi\/wp-json\/wp\/v2\/types\/product"}],"wp:featuredmedia":[{"embeddable":true,"href":"https:\/\/pallasdesign.ee\/fi\/wp-json\/wp\/v2\/media\/24017"}],"wp:attachment":[{"href":"https:\/\/pallasdesign.ee\/fi\/wp-json\/wp\/v2\/media?parent=23777"}],"wp:term":[{"taxonomy":"product_brand","embeddable":true,"href":"https:\/\/pallasdesign.ee\/fi\/wp-json\/wp\/v2\/product_brand?post=23777"},{"taxonomy":"product_cat","embeddable":true,"href":"https:\/\/pallasdesign.ee\/fi\/wp-json\/wp\/v2\/product_cat?post=23777"},{"taxonomy":"product_tag","embeddable":true,"href":"https:\/\/pallasdesign.ee\/fi\/wp-json\/wp\/v2\/product_tag?post=23777"}],"curies":[{"name":"wp","href":"https:\/\/api.w.org\/{rel}","templated":true}]}}