{"id":23785,"date":"2026-04-10T04:00:51","date_gmt":"2026-04-10T01:00:51","guid":{"rendered":"https:\/\/pallasdesign.ee\/?post_type=product&#038;p=23785"},"modified":"2026-04-10T12:36:32","modified_gmt":"2026-04-10T09:36:32","slug":"rintalappuesiliina-urban-kopeeri-kopeeri-kopeeri-kopeeri-kopeeri-3","status":"publish","type":"product","link":"https:\/\/pallasdesign.ee\/fi\/taaperon-reppu-janis-teddy\/","title":{"rendered":"Beige teddy-kankaasta lasten reppu Pupu korvilla ja kasvoilla 4,1 L"},"content":{"rendered":"<h2>Taaperon reppu<\/h2>\n<p>T\u00e4m\u00e4 suloinen Kidzroom-reppu taaperoille on valmistettu pehme\u00e4st\u00e4 teddy-kankaasta. Repun etutaskussa on kaksi suloista pupunkorvaa, jotka luovat leikkis\u00e4n ja ainutlaatuisen ilmeen.<br \/>Reppu on v\u00e4rilt\u00e4\u00e4n beige ja siin\u00e4 on tilava p\u00e4\u00e4lokero, joka sulkeutuu vetoketjulla. Lis\u00e4ksi repussa on etutasku pienemmille tavaroille. Repun yl\u00e4osassa on k\u00e4tev\u00e4 lenkki, jonka avulla reppua voi kantaa my\u00f6s k\u00e4dess\u00e4. S\u00e4\u00e4dett\u00e4v\u00e4t olkahihnat takaavat, ett\u00e4 reppu istuu mukavasti ja voidaan s\u00e4\u00e4t\u00e4\u00e4 sopivaksi jokaiselle.<br \/>Lasten reppu henkil\u00f6kohtaisella brodeerauksella on k\u00e4yt\u00e4nn\u00f6llinen valinta, joka auttaa v\u00e4ltt\u00e4m\u00e4\u00e4n tavaroiden katoamista ja tekee repusta lapselle henkil\u00f6kohtaisen.    <\/p>\n<p><a href=\"https:\/\/pallasdesign.ee\/fi\/lasten-reput\/\"><b>Kaikki tarjoamamme lasten reput l\u00f6yd\u00e4t t\u00e4\u00e4lt\u00e4<\/b><\/a><\/p>\n<h3 style=\"margin-top:50px;\">Tuotetiedot<\/h3>\n<ul style=\"margin-bottom:50px;\">\n<li>Br\u00e4ndi: Kidzroom<\/li>\n<li>Tuote: Lasten reppu<\/li>\n<li>Sukupuoli: Sopii sek\u00e4 pojille ett\u00e4 tyt\u00f6ille<\/li>\n<li>Mitat: 27x19x8 cm<\/li>\n<li>Tilavuus: 4.1 L<\/li>\n<li>Paino: 240 g<\/li>\n<li>Materiaali: Polyesteri<\/li>\n<li>Toimitustapa: Toimitus l\u00e4himp\u00e4\u00e4n pakettiautomaattiin<\/li>\n<\/ul>\n","protected":false},"excerpt":{"rendered":"<p>Trendik\u00e4s lasten reppu jokap\u00e4iv\u00e4iseen k\u00e4ytt\u00f6\u00f6n.<\/p>\n<p>T\u00e4m\u00e4 reppu sopii erinomaisesti niin p\u00e4iv\u00e4kotiin kuin vapaa-aikaankin. Kirjottu nimi tekee repusta ainutlaatuisen ja antaa sille erityisen merkityksen. <\/p>\n<p><b>Huom! Kirjomme nimen repun etupuolen yl\u00e4osaan!<\/b><\/p>\n","protected":false},"featured_media":23791,"template":"","meta":[],"product_brand":[],"product_cat":[811,812,803,1611,806,808,1569,809,933,941,1614,1617,1615],"product_tag":[],"class_list":{"0":"post-23785","1":"product","2":"type-product","3":"status-publish","4":"has-post-thumbnail","6":"product_cat-nimikoidut-lahjat","7":"product_cat-brodeeratut-lahjat","8":"product_cat-joululahjat","9":"product_cat-kidzroom-fi","10":"product_cat-lahjaideoita","11":"product_cat-lahjat","12":"product_cat-lasten-reput","13":"product_cat-lastentuotteet","14":"product_cat-laukut","15":"product_cat-personoidut-lahjat","16":"product_cat-poikien-reput","17":"product_cat-taaperoiden-reput","18":"product_cat-tyttojen-reput","19":"no-featured-image-padding","20":"sales-flash-overlay","21":"woocommerce-text-align-center","22":"woocommerce-image-align-center","23":"do-quantity-buttons","25":"first","26":"instock","27":"taxable","28":"shipping-taxable","29":"purchasable","30":"product-type-simple"},"_links":{"self":[{"href":"https:\/\/pallasdesign.ee\/fi\/wp-json\/wp\/v2\/product\/23785","targetHints":{"allow":["GET"]}}],"collection":[{"href":"https:\/\/pallasdesign.ee\/fi\/wp-json\/wp\/v2\/product"}],"about":[{"href":"https:\/\/pallasdesign.ee\/fi\/wp-json\/wp\/v2\/types\/product"}],"wp:featuredmedia":[{"embeddable":true,"href":"https:\/\/pallasdesign.ee\/fi\/wp-json\/wp\/v2\/media\/23791"}],"wp:attachment":[{"href":"https:\/\/pallasdesign.ee\/fi\/wp-json\/wp\/v2\/media?parent=23785"}],"wp:term":[{"taxonomy":"product_brand","embeddable":true,"href":"https:\/\/pallasdesign.ee\/fi\/wp-json\/wp\/v2\/product_brand?post=23785"},{"taxonomy":"product_cat","embeddable":true,"href":"https:\/\/pallasdesign.ee\/fi\/wp-json\/wp\/v2\/product_cat?post=23785"},{"taxonomy":"product_tag","embeddable":true,"href":"https:\/\/pallasdesign.ee\/fi\/wp-json\/wp\/v2\/product_tag?post=23785"}],"curies":[{"name":"wp","href":"https:\/\/api.w.org\/{rel}","templated":true}]}}