{"id":24389,"date":"2026-04-28T11:19:45","date_gmt":"2026-04-28T08:19:45","guid":{"rendered":"https:\/\/pallasdesign.ee\/?post_type=product&#038;p=24389"},"modified":"2026-04-28T11:30:38","modified_gmt":"2026-04-28T08:30:38","slug":"harmaa-kashmirhuivi-50x200cm-kopeeri-2","status":"publish","type":"product","link":"https:\/\/pallasdesign.ee\/fi\/kashmirhuivi-tummanharmaa-50x200cm\/","title":{"rendered":"Tummanharmaa kashmirhuivi 50x200cm"},"content":{"rendered":"<h2>Pallas Design kashmirhuivi tummanharmaa<\/h2>\n<p><a href=\"https:\/\/pallasdesign.ee\/fi\/kashmirhuivit\/\">Kashmirhuivi<\/a> 50\u00d7200 cm on ylellisen pehme\u00e4 ja poikkeuksellisen l\u00e4mmin. Kashmirvilla on arvostettu pehmeytens\u00e4 ja keveytens\u00e4 ansiosta, ja se sopii erinomaisesti lahjaksi korostaen laatua ja ajatonta tyyli\u00e4. Kashmirhuivi tuo asuun ylellisen ja klassisen ilmeen.<br \/>\nPallas Design kashmirhuivi on varma valinta \u2013 materiaali on tiivis eik\u00e4 l\u00e4pikuultava, ja kankaan koostumus sek\u00e4 paino ovat tarkasti tiedossa.  <\/p>\n<p><a href=\"https:\/\/pallasdesign.ee\/fi\/huivit\/\"><b>Kaikki huivimme l\u00f6yd\u00e4t t\u00e4\u00e4lt\u00e4<\/b><\/a><\/p>\n<h3>Tuotetiedot<\/h3>\n<ul>\n<li>Tavaramerkki: Pallas Design<\/li>\n<li>Kokoelma: Kashmirhuivit<\/li>\n<li>Materiaali: 50 % kashmirvillaa, 50 % Australian merinovillaa<\/li>\n<li>Mitat (hapsuineen): 50\u00d7200 cm<\/li>\n<li>Kankaan paino: 300g\/m2<\/li>\n<li>Hoito: k\u00e4sinpesu tai kemiallinen pesu<\/li>\n<li>Valkaisu: kielletty<\/li>\n<li>Silitys: kielletty<\/li>\n<li>Kuivaus: tasokuivaus<\/li>\n<li>Toimitus: toimitus l\u00e4himp\u00e4\u00e4n pakettiautomaattiin<\/li>\n<\/ul>\n","protected":false},"excerpt":{"rendered":"<p>Kashmirhuivi 50\u00d7200 cm on pehme ja laadukas valinta jokap\u00e4iv\u00e4iseen k\u00e4ytt\u00f6\u00f6n ja lahjaksi. Nimell\u00e4 tai logolla personoitu huivi sopii hyvin my\u00f6s yrityslahjaksi. Huivi sis\u00e4lt\u00e4\u00e4 50% kashmirvillaa ja 50% australialaista merinovillaa.  <\/p>\n","protected":false},"featured_media":24392,"template":"","meta":[],"product_brand":[],"product_cat":[1626,812,947,803,806,808,745,747,811,962,941,925,746],"product_tag":[],"class_list":{"0":"post-24389","1":"product","2":"type-product","3":"status-publish","4":"has-post-thumbnail","6":"product_cat-kashmirhuivit","7":"product_cat-brodeeratut-lahjat","8":"product_cat-huivit","9":"product_cat-joululahjat","10":"product_cat-lahjaideoita","11":"product_cat-lahjat","12":"product_cat-liikelahjat","13":"product_cat-mainoslahjat","14":"product_cat-nimikoidut-lahjat","15":"product_cat-pallas-design-fi","16":"product_cat-personoidut-lahjat","17":"product_cat-vuosipaivalahja","18":"product_cat-yrityslahjat","19":"no-featured-image-padding","20":"sales-flash-overlay","21":"woocommerce-text-align-center","22":"woocommerce-image-align-center","23":"do-quantity-buttons","25":"first","26":"instock","27":"taxable","28":"shipping-taxable","29":"purchasable","30":"product-type-simple"},"_links":{"self":[{"href":"https:\/\/pallasdesign.ee\/fi\/wp-json\/wp\/v2\/product\/24389","targetHints":{"allow":["GET"]}}],"collection":[{"href":"https:\/\/pallasdesign.ee\/fi\/wp-json\/wp\/v2\/product"}],"about":[{"href":"https:\/\/pallasdesign.ee\/fi\/wp-json\/wp\/v2\/types\/product"}],"wp:featuredmedia":[{"embeddable":true,"href":"https:\/\/pallasdesign.ee\/fi\/wp-json\/wp\/v2\/media\/24392"}],"wp:attachment":[{"href":"https:\/\/pallasdesign.ee\/fi\/wp-json\/wp\/v2\/media?parent=24389"}],"wp:term":[{"taxonomy":"product_brand","embeddable":true,"href":"https:\/\/pallasdesign.ee\/fi\/wp-json\/wp\/v2\/product_brand?post=24389"},{"taxonomy":"product_cat","embeddable":true,"href":"https:\/\/pallasdesign.ee\/fi\/wp-json\/wp\/v2\/product_cat?post=24389"},{"taxonomy":"product_tag","embeddable":true,"href":"https:\/\/pallasdesign.ee\/fi\/wp-json\/wp\/v2\/product_tag?post=24389"}],"curies":[{"name":"wp","href":"https:\/\/api.w.org\/{rel}","templated":true}]}}