{"id":24413,"date":"2026-04-28T16:24:37","date_gmt":"2026-04-28T13:24:37","guid":{"rendered":"https:\/\/pallasdesign.ee\/?post_type=product&#038;p=24413"},"modified":"2026-04-28T16:35:48","modified_gmt":"2026-04-28T13:35:48","slug":"vaaleanbeige-merinohuivi-30x200cm-kopeeri","status":"publish","type":"product","link":"https:\/\/pallasdesign.ee\/fi\/merinohuivi-tummansininen-30x200cm\/","title":{"rendered":"Tummansininen merinohuivi 30x200cm"},"content":{"rendered":"<h2>Pallas Design merinohuivi tummansininen<\/h2>\n<p><b><a href=\"https:\/\/pallasdesign.ee\/fi\/merinohuivit\/\">Merinohuivi<\/a><\/b> on pehme, hengitt\u00e4v\u00e4 ja mukava asuste, joka sopii erinomaisesti jokap\u00e4iv\u00e4iseen k\u00e4ytt\u00f6\u00f6n. 100% merinovilla s\u00e4\u00e4telee hyvin l\u00e4mp\u00f6tilaa, pit\u00e4en sinut l\u00e4mpim\u00e4n\u00e4 ja samalla antaen ihon hengitt\u00e4\u00e4. Huivi on kevyt ja ihoyst\u00e4v\u00e4llinen, joten se sopii hyvin my\u00f6s herk\u00e4lle iholle.<br \/>\nPallas Design merinovillahuivi on varma valinta \u2013 materiaali on tiivis eik\u00e4 l\u00e4pikuultava, ja kankaan paino sek\u00e4 koostumus ovat tarkasti tiedossa.  <\/p>\n<p><a href=\"https:\/\/pallasdesign.ee\/fi\/huivit\/\"><b>Kaikki huivimme l\u00f6yd\u00e4t t\u00e4\u00e4lt\u00e4<\/b><\/a><\/p>\n<h3>Tuotetiedot<\/h3>\n<ul>\n<li>Tavaramerkki: Pallas Design<\/li>\n<li>Kokoelma: Merinohuivit<\/li>\n<li>Materiaali: 100% Australialaista merinovillaa<\/li>\n<li>Mitat (hapsuineen): 30&#215;200 cm<\/li>\n<li>Kankaan paino: 300g\/m2<\/li>\n<li>Hoito: k\u00e4sinpesu tai kemiallinen pesu<\/li>\n<li>Valkaisu: kielletty<\/li>\n<li>Silitys: kielletty<\/li>\n<li>Kuivaus: tasokuivaus<\/li>\n<li>Toimitus: toimitus l\u00e4himp\u00e4\u00e4n pakettiautomaattiin<\/li>\n<\/ul>\n","protected":false},"excerpt":{"rendered":"<p>Merinohuivi 30x200cm \u2013 pehme ja laadukas valinta jokap\u00e4iv\u00e4iseen k\u00e4ytt\u00f6\u00f6n ja lahjaksi. Nimell\u00e4 tai logolla personoitu huivi sopii hyvin my\u00f6s yrityslahjaksi. Huivi sis\u00e4lt\u00e4\u00e4 100% merinovillaa.  <\/p>\n","protected":false},"featured_media":24416,"template":"","meta":[],"product_brand":[],"product_cat":[1627,812,947,803,806,808,745,747,811,962,941,925,746],"product_tag":[],"class_list":{"0":"post-24413","1":"product","2":"type-product","3":"status-publish","4":"has-post-thumbnail","6":"product_cat-merinohuivit","7":"product_cat-brodeeratut-lahjat","8":"product_cat-huivit","9":"product_cat-joululahjat","10":"product_cat-lahjaideoita","11":"product_cat-lahjat","12":"product_cat-liikelahjat","13":"product_cat-mainoslahjat","14":"product_cat-nimikoidut-lahjat","15":"product_cat-pallas-design-fi","16":"product_cat-personoidut-lahjat","17":"product_cat-vuosipaivalahja","18":"product_cat-yrityslahjat","19":"no-featured-image-padding","20":"sales-flash-overlay","21":"woocommerce-text-align-center","22":"woocommerce-image-align-center","23":"do-quantity-buttons","25":"first","26":"instock","27":"taxable","28":"shipping-taxable","29":"purchasable","30":"product-type-simple"},"_links":{"self":[{"href":"https:\/\/pallasdesign.ee\/fi\/wp-json\/wp\/v2\/product\/24413","targetHints":{"allow":["GET"]}}],"collection":[{"href":"https:\/\/pallasdesign.ee\/fi\/wp-json\/wp\/v2\/product"}],"about":[{"href":"https:\/\/pallasdesign.ee\/fi\/wp-json\/wp\/v2\/types\/product"}],"wp:featuredmedia":[{"embeddable":true,"href":"https:\/\/pallasdesign.ee\/fi\/wp-json\/wp\/v2\/media\/24416"}],"wp:attachment":[{"href":"https:\/\/pallasdesign.ee\/fi\/wp-json\/wp\/v2\/media?parent=24413"}],"wp:term":[{"taxonomy":"product_brand","embeddable":true,"href":"https:\/\/pallasdesign.ee\/fi\/wp-json\/wp\/v2\/product_brand?post=24413"},{"taxonomy":"product_cat","embeddable":true,"href":"https:\/\/pallasdesign.ee\/fi\/wp-json\/wp\/v2\/product_cat?post=24413"},{"taxonomy":"product_tag","embeddable":true,"href":"https:\/\/pallasdesign.ee\/fi\/wp-json\/wp\/v2\/product_tag?post=24413"}],"curies":[{"name":"wp","href":"https:\/\/api.w.org\/{rel}","templated":true}]}}