{"id":24531,"date":"2026-05-08T17:51:01","date_gmt":"2026-05-08T14:51:01","guid":{"rendered":"https:\/\/pallasdesign.ee\/?post_type=product&#038;p=24531"},"modified":"2026-05-08T18:11:28","modified_gmt":"2026-05-08T15:11:28","slug":"pehmolelu-harmaa-janis-starry-night-kopeeri","status":"publish","type":"product","link":"https:\/\/pallasdesign.ee\/fi\/pehmolelu-janis\/","title":{"rendered":"Pehmolelu Sininen pupuvauva"},"content":{"rendered":"<h2>Pehmolelu J\u00e4nis<\/h2>\n<p>Pehmolelu J\u00e4nis \u2013 Classic-mallistoa. Clovis Brampton -pehmolelulla on sininen vartalo p\u00f6rr\u00f6isell\u00e4 h\u00e4nn\u00e4ll\u00e4, pehme\u00e4 turkki, suuret riippuvat korvat, suloiset pulleat posket ja suuret siniset silm\u00e4t. <\/p>\n<p><a href=\"https:\/\/pallasdesign.ee\/fi\/pehmopuput\/\"><b>Kaikkiin pehmopupuihimme voit tutustua t\u00e4\u00e4ll\u00e4<\/b><\/a><\/p>\n<h2>Tuotetiedot<\/h2>\n<ul>\n<li>Virallinen Cubbies-pehmolelun malli<\/li>\n<li>Rakkaudella k\u00e4sity\u00f6n\u00e4 valmistettu<\/li>\n<li>Personoi sit\u00e4 erilaisilla kirjailluilla kuvioilla.<\/li>\n<li>Ainutlaatuinen vetoketjullinen malli \u2013 mahdollistaa sisuksen poistamisen, pehmolelun kirjonnan sek\u00e4 Cubbies-pehmolelun turvallisen pesun.<\/li>\n<li>Konepest\u00e4v\u00e4<\/li>\n<li>Turvallinen kaikenik\u00e4isille<\/li>\n<li>Mitat: Istuma-asennossa 33cm (kokonaispituus 40cm)<\/li>\n<li>Toimitustapa: Toimitus l\u00e4himp\u00e4\u00e4n pakettiautomaattiin<\/li>\n<\/ul>\n","protected":false},"excerpt":{"rendered":"<p>Brodeerattava pehmolelu Cubbies Baby Blue Bunny \u2013 pupupehmolelu vauvalle lahjaksi ja personoitavaksi kirjonnalla.<br \/>Jos sinulla on oma idea siit\u00e4, miten haluaisit suunnitella pehmolelun lahjaksi, ota meihin yhteytt\u00e4 \u2013 me kirjomme ideasi todeksi!<\/p>\n","protected":false},"featured_media":24533,"template":"","meta":[],"product_brand":[],"product_cat":[761,952,772,809,805,775,773,760,767,774,804,771,800,799],"product_tag":[992],"class_list":{"0":"post-24531","1":"product","2":"type-product","3":"status-publish","4":"has-post-thumbnail","6":"product_cat-pehmoelaimet","7":"product_cat-cubbies-fi","8":"product_cat-elainlelut","9":"product_cat-lastentuotteet","10":"product_cat-nimiaislahjat","11":"product_cat-pehmeat-lelut","12":"product_cat-pehmolelu-nimella","13":"product_cat-pehmolelut","14":"product_cat-pehmopuput","15":"product_cat-pehmot","16":"product_cat-ristiaislahja","17":"product_cat-unilelu","18":"product_cat-vauvalahja","19":"product_cat-vauvatuotteet","20":"product_tag-janis","21":"no-featured-image-padding","22":"sales-flash-overlay","23":"woocommerce-text-align-center","24":"woocommerce-image-align-center","25":"do-quantity-buttons","27":"first","28":"instock","29":"taxable","30":"shipping-taxable","31":"purchasable","32":"product-type-simple"},"_links":{"self":[{"href":"https:\/\/pallasdesign.ee\/fi\/wp-json\/wp\/v2\/product\/24531","targetHints":{"allow":["GET"]}}],"collection":[{"href":"https:\/\/pallasdesign.ee\/fi\/wp-json\/wp\/v2\/product"}],"about":[{"href":"https:\/\/pallasdesign.ee\/fi\/wp-json\/wp\/v2\/types\/product"}],"wp:featuredmedia":[{"embeddable":true,"href":"https:\/\/pallasdesign.ee\/fi\/wp-json\/wp\/v2\/media\/24533"}],"wp:attachment":[{"href":"https:\/\/pallasdesign.ee\/fi\/wp-json\/wp\/v2\/media?parent=24531"}],"wp:term":[{"taxonomy":"product_brand","embeddable":true,"href":"https:\/\/pallasdesign.ee\/fi\/wp-json\/wp\/v2\/product_brand?post=24531"},{"taxonomy":"product_cat","embeddable":true,"href":"https:\/\/pallasdesign.ee\/fi\/wp-json\/wp\/v2\/product_cat?post=24531"},{"taxonomy":"product_tag","embeddable":true,"href":"https:\/\/pallasdesign.ee\/fi\/wp-json\/wp\/v2\/product_tag?post=24531"}],"curies":[{"name":"wp","href":"https:\/\/api.w.org\/{rel}","templated":true}]}}